{"id":1761,"date":"2024-11-12T10:43:56","date_gmt":"2024-11-12T09:43:56","guid":{"rendered":"https:\/\/bini.co\/sklep\/bini-soft-butter-l\/"},"modified":"2025-05-12T01:01:32","modified_gmt":"2025-05-11T23:01:32","slug":"bini-soft-butter-l","status":"publish","type":"product","link":"https:\/\/bini.co\/en\/shop\/bini-soft-butter-l\/","title":{"rendered":"BINI SOFT BUTTER | L"},"content":{"rendered":"<div  class=\"custome-container \" style=\"background-color: #F8F4E8\">\n    <div class=\"container-narrow\">\n        <div class=\"row\">\n            \n<div class=\"custome-separator  sep-50\"><\/div>\n\n<div class=\"wp-block-columns center-sm-text is-layout-flex wp-container-core-columns-is-layout-9d6595d7 wp-block-columns-is-layout-flex\"><div class=\"wp-block-column is-vertically-aligned-center is-layout-flow wp-block-column-is-layout-flow\"><div class=\"wp-block-image\"><figure class=\"alignright size-full\"><img loading=\"lazy\" decoding=\"async\" width=\"450\" height=\"479\" src=\"https:\/\/bini.co\/wp-content\/uploads\/2024\/11\/puf-en.png\" alt=\"\" class=\"wp-image-13946\" srcset=\"https:\/\/bini.co\/wp-content\/uploads\/2024\/11\/puf-en.png 450w, https:\/\/bini.co\/wp-content\/uploads\/2024\/11\/puf-en-310x330.png 310w, https:\/\/bini.co\/wp-content\/uploads\/2024\/11\/puf-en-64x68.png 64w\" sizes=\"auto, (max-width: 450px) 100vw, 450px\" \/><\/figure><\/div><\/div>\n\n<div class=\"wp-block-column is-vertically-aligned-center is-layout-flow wp-block-column-is-layout-flow\"><h2 class=\"wp-block-heading\">Product Dimensions<\/h2>\n\n<p><strong>Overall dimensions: <\/strong>\u00d8 80 cm x 110 cm\u2014spacious enough for two kids to stretch out during playtime or for an adult to sink in and catch up on their favourite series.<\/p>\n\n<p><strong>Curious about how it fits into your space? <\/strong>Check our size chart, where you can get a better feel for the size and dimensions of our products.<\/p><\/div><\/div>\n\n<div class=\"custome-separator  sep-50\"><\/div>\n\n        <\/div>\n    <\/div>\n<\/div><div class=\"custome-separator  sep-50\"><\/div><h2 class=\"wp-block-heading has-text-align-center\">Designed to keep up with you<\/h2><div class=\"custome-separator  sep-30\"><\/div><div class=\"wp-block-columns is-layout-flex wp-container-core-columns-is-layout-9d6595d7 wp-block-columns-is-layout-flex\"><div class=\"wp-block-column is-layout-flow wp-block-column-is-layout-flow\"><div class=\"wp-block-image\"><figure class=\"aligncenter size-full is-resized\"><img loading=\"lazy\" decoding=\"async\" width=\"114\" height=\"149\" src=\"https:\/\/bini.co\/wp-content\/uploads\/2024\/11\/Layer_1.png\" alt=\"\" class=\"wp-image-634\" style=\"width:auto;height:149px\" srcset=\"https:\/\/bini.co\/wp-content\/uploads\/2024\/11\/Layer_1.png 114w, https:\/\/bini.co\/wp-content\/uploads\/2024\/11\/Layer_1-64x84.png 64w\" sizes=\"auto, (max-width: 114px) 100vw, 114px\" \/><\/figure><\/div>\n\n<div style=\"height:20px\" aria-hidden=\"true\" class=\"wp-block-spacer\"><\/div>\n\n<h3 class=\"wp-block-heading has-text-align-center h4\">Easy to move around<\/h3>\n\n<p class=\"has-text-align-center\">With a handle designed for easy carrying, even little hands can move it from room to room\u2014no fuss at all.<\/p><\/div>\n\n<div class=\"wp-block-column is-layout-flow wp-block-column-is-layout-flow\"><div class=\"wp-block-image\"><figure class=\"aligncenter size-full is-resized\"><img loading=\"lazy\" decoding=\"async\" width=\"167\" height=\"157\" src=\"https:\/\/bini.co\/wp-content\/uploads\/2024\/11\/Vector.png\" alt=\"\" class=\"wp-image-635\" style=\"width:auto;height:149px\" srcset=\"https:\/\/bini.co\/wp-content\/uploads\/2024\/11\/Vector.png 167w, https:\/\/bini.co\/wp-content\/uploads\/2024\/11\/Vector-64x60.png 64w\" sizes=\"auto, (max-width: 167px) 100vw, 167px\" \/><\/figure><\/div>\n\n<div style=\"height:20px\" aria-hidden=\"true\" class=\"wp-block-spacer\"><\/div>\n\n<h3 class=\"wp-block-heading has-text-align-center h4\">Locally made<\/h3>\n\n<p class=\"has-text-align-center\">Handcrafted with care in Poland using locally sourced materials. You can rest easy knowing your comfort is consciously made.<\/p><\/div>\n\n<div class=\"wp-block-column is-layout-flow wp-block-column-is-layout-flow\"><div class=\"wp-block-image\"><figure class=\"aligncenter size-full is-resized\"><img loading=\"lazy\" decoding=\"async\" width=\"146\" height=\"150\" src=\"https:\/\/bini.co\/wp-content\/uploads\/2024\/11\/Layer_1-1.png\" alt=\"\" class=\"wp-image-636\" style=\"width:auto;height:149px\" srcset=\"https:\/\/bini.co\/wp-content\/uploads\/2024\/11\/Layer_1-1.png 146w, https:\/\/bini.co\/wp-content\/uploads\/2024\/11\/Layer_1-1-64x66.png 64w\" sizes=\"auto, (max-width: 146px) 100vw, 146px\" \/><\/figure><\/div>\n\n<div style=\"height:20px\" aria-hidden=\"true\" class=\"wp-block-spacer\"><\/div>\n\n<h3 class=\"wp-block-heading has-text-align-center h4\">Crafted to last<\/h3>\n\n<p class=\"has-text-align-center\">Made for durability and flexibility with washable, changeable covers\u2014keeping your piece fresh and ready for whatever comes next.<\/p><\/div>\n\n<div class=\"wp-block-column is-layout-flow wp-block-column-is-layout-flow\"><div class=\"wp-block-image\"><figure class=\"aligncenter size-full is-resized\"><img loading=\"lazy\" decoding=\"async\" width=\"134\" height=\"146\" src=\"https:\/\/bini.co\/wp-content\/uploads\/2024\/11\/Layer_1-2.png\" alt=\"\" class=\"wp-image-637\" style=\"width:auto;height:149px\" srcset=\"https:\/\/bini.co\/wp-content\/uploads\/2024\/11\/Layer_1-2.png 134w, https:\/\/bini.co\/wp-content\/uploads\/2024\/11\/Layer_1-2-64x70.png 64w\" sizes=\"auto, (max-width: 134px) 100vw, 134px\" \/><\/figure><\/div>\n\n<div style=\"height:20px\" aria-hidden=\"true\" class=\"wp-block-spacer\"><\/div>\n\n<h3 class=\"wp-block-heading has-text-align-center h4\">Encourages connection<\/h3>\n\n<p class=\"has-text-align-center\">Made for family time. Invites everyone to come together\u2014 whether for play, chats, or quiet moments side by side.<\/p><\/div><\/div><div class=\"custome-separator  sep-30\"><\/div><div  class=\"custome-container \" style=\"background-color: #F8F4E8\">\n    <div class=\"container-wide\">\n        <div class=\"row\">\n            \n<div class=\"wp-block-cover is-light\" style=\"min-height:50vh;aspect-ratio:unset;\"><span aria-hidden=\"true\" class=\"wp-block-cover__background has-background-dim-0 has-background-dim has-background-gradient\" style=\"background:linear-gradient(180deg,rgb(0,0,0) 0%,rgba(255,255,255,0) 100%)\"><\/span><img loading=\"lazy\" decoding=\"async\" width=\"996\" height=\"664\" class=\"wp-block-cover__image-background wp-image-411\" alt=\"\" src=\"https:\/\/bini.co\/wp-content\/uploads\/2024\/11\/37.jpg\" style=\"object-position:50% 41%\" data-object-fit=\"cover\" data-object-position=\"50% 41%\" srcset=\"https:\/\/bini.co\/wp-content\/uploads\/2024\/11\/37.jpg 996w, https:\/\/bini.co\/wp-content\/uploads\/2024\/11\/37-330x220.jpg 330w, https:\/\/bini.co\/wp-content\/uploads\/2024\/11\/37-768x512.jpg 768w, https:\/\/bini.co\/wp-content\/uploads\/2024\/11\/37-600x400.jpg 600w, https:\/\/bini.co\/wp-content\/uploads\/2024\/11\/37-64x43.jpg 64w, https:\/\/bini.co\/wp-content\/uploads\/2024\/11\/37-300x200.jpg 300w\" sizes=\"auto, (max-width: 996px) 100vw, 996px\" \/><div class=\"wp-block-cover__inner-container is-layout-constrained wp-block-cover-is-layout-constrained\"><p class=\"has-text-align-center\"><\/p><\/div><\/div>\n\n        <\/div>\n    <\/div>\n<\/div><div class=\"custome-separator  sep-50\"><\/div><h2 class=\"wp-block-heading has-text-align-center\">Our customers&#8217; opinions<\/h2><div class=\"custome-separator  sep-30\"><\/div><div class=\"block-opinie\">\n        <ul>\n                            <li>\n                    <div class=\"top\">\n                        <h6>Barbara N.<\/h6>\n                        <svg width=\"117\" height=\"18\" viewBox=\"0 0 117 18\" fill=\"none\" xmlns=\"http:\/\/www.w3.org\/2000\/svg\">\n                            <g clip-path=\"url(#clip0_540_4970)\">\n                                <path\n                                    d=\"M14.842 18H14.6565C14.4491 17.9108 14.2295 17.8417 14.0366 17.7286C12.5759 16.8734 11.1192 16.0111 9.66521 15.1449C9.54107 15.0707 9.45558 15.074 9.33367 15.1463C7.99562 15.9428 6.65682 16.7379 5.31133 17.5222C5.00098 17.7033 4.66535 17.8417 4.34124 17.9996H4.15577C4.14574 17.993 4.13645 17.9827 4.1253 17.9802C3.42468 17.805 3.13625 17.3467 3.29422 16.6596C3.67779 14.9903 4.05988 13.3209 4.44829 11.6526C4.48248 11.5057 4.46018 11.4154 4.33864 11.3111C3.08422 10.2351 1.83908 9.1489 0.585399 8.07185C0.330797 7.85298 0.0984957 7.62714 0 7.29775V6.93126C0.157965 6.41054 0.506974 6.14174 1.06041 6.09547C2.75974 5.95299 4.45758 5.79472 6.15691 5.6493C6.32825 5.63461 6.42563 5.58577 6.49737 5.41722C7.16863 3.84441 7.84769 2.27455 8.53456 0.70836C8.61075 0.534665 8.72337 0.356196 8.86684 0.235381C9.40243 -0.215565 10.1662 0.00476698 10.4591 0.680084C11.1516 2.27712 11.8433 3.87453 12.5294 5.4745C12.5781 5.58797 12.6409 5.6313 12.7587 5.64085C13.3623 5.68969 13.9656 5.74257 14.5684 5.79692C15.7314 5.90158 16.8944 6.00734 18.057 6.11493C18.5023 6.15606 18.8108 6.38925 18.9457 6.80641C19.084 7.23275 18.9521 7.59923 18.6135 7.89301C17.3126 9.02074 16.0147 10.1518 14.706 11.2707C14.545 11.408 14.5209 11.5241 14.5662 11.7176C14.9568 13.3807 15.3367 15.0461 15.7181 16.7111C15.8593 17.3272 15.5285 17.8373 14.9059 17.9699C14.8833 17.9747 14.8628 17.9893 14.8413 17.9996L14.842 18Z\"\n                                    fill=\"#EECF07\" \/>\n                            <\/g>\n                            <g clip-path=\"url(#clip1_540_4970)\">\n                                <path\n                                    d=\"M38.842 18H38.6565C38.4491 17.9108 38.2295 17.8417 38.0366 17.7286C36.5759 16.8734 35.1192 16.0111 33.6652 15.1449C33.5411 15.0707 33.4556 15.074 33.3337 15.1463C31.9956 15.9428 30.6568 16.7379 29.3113 17.5222C29.001 17.7033 28.6653 17.8417 28.3412 17.9996H28.1558C28.1457 17.993 28.1364 17.9827 28.1253 17.9802C27.4247 17.805 27.1363 17.3467 27.2942 16.6596C27.6778 14.9903 28.0599 13.3209 28.4483 11.6526C28.4825 11.5057 28.4602 11.4154 28.3386 11.3111C27.0842 10.2351 25.8391 9.1489 24.5854 8.07185C24.3308 7.85298 24.0985 7.62714 24 7.29775V6.93126C24.158 6.41054 24.507 6.14174 25.0604 6.09547C26.7597 5.95299 28.4576 5.79472 30.1569 5.6493C30.3283 5.63461 30.4256 5.58577 30.4974 5.41722C31.1686 3.84441 31.8477 2.27455 32.5346 0.70836C32.6108 0.534665 32.7234 0.356196 32.8668 0.235381C33.4024 -0.215565 34.1662 0.00476698 34.4591 0.680084C35.1516 2.27712 35.8433 3.87453 36.5294 5.4745C36.5781 5.58797 36.6409 5.6313 36.7587 5.64085C37.3623 5.68969 37.9656 5.74257 38.5684 5.79692C39.7314 5.90158 40.8944 6.00734 42.057 6.11493C42.5023 6.15606 42.8108 6.38925 42.9457 6.80641C43.084 7.23275 42.9521 7.59923 42.6135 7.89301C41.3126 9.02074 40.0147 10.1518 38.706 11.2707C38.545 11.408 38.5209 11.5241 38.5662 11.7176C38.9568 13.3807 39.3367 15.0461 39.7181 16.7111C39.8593 17.3272 39.5285 17.8373 38.9059 17.9699C38.8833 17.9747 38.8628 17.9893 38.8413 17.9996L38.842 18Z\"\n                                    fill=\"#EECF07\" \/>\n                            <\/g>\n                            <g clip-path=\"url(#clip2_540_4970)\">\n                                <path\n                                    d=\"M62.842 18H62.6565C62.4491 17.9108 62.2295 17.8417 62.0366 17.7286C60.5759 16.8734 59.1192 16.0111 57.6652 15.1449C57.5411 15.0707 57.4556 15.074 57.3337 15.1463C55.9956 15.9428 54.6568 16.7379 53.3113 17.5222C53.001 17.7033 52.6653 17.8417 52.3412 17.9996H52.1558C52.1457 17.993 52.1364 17.9827 52.1253 17.9802C51.4247 17.805 51.1363 17.3467 51.2942 16.6596C51.6778 14.9903 52.0599 13.3209 52.4483 11.6526C52.4825 11.5057 52.4602 11.4154 52.3386 11.3111C51.0842 10.2351 49.8391 9.1489 48.5854 8.07185C48.3308 7.85298 48.0985 7.62714 48 7.29775V6.93126C48.158 6.41054 48.507 6.14174 49.0604 6.09547C50.7597 5.95299 52.4576 5.79472 54.1569 5.6493C54.3283 5.63461 54.4256 5.58577 54.4974 5.41722C55.1686 3.84441 55.8477 2.27455 56.5346 0.70836C56.6108 0.534665 56.7234 0.356196 56.8668 0.235381C57.4024 -0.215565 58.1662 0.00476698 58.4591 0.680084C59.1516 2.27712 59.8433 3.87453 60.5294 5.4745C60.5781 5.58797 60.6409 5.6313 60.7587 5.64085C61.3623 5.68969 61.9656 5.74257 62.5684 5.79692C63.7314 5.90158 64.8944 6.00734 66.057 6.11493C66.5023 6.15606 66.8108 6.38925 66.9457 6.80641C67.084 7.23275 66.9521 7.59923 66.6135 7.89301C65.3126 9.02074 64.0147 10.1518 62.706 11.2707C62.545 11.408 62.5209 11.5241 62.5662 11.7176C62.9568 13.3807 63.3367 15.0461 63.7181 16.7111C63.8593 17.3272 63.5285 17.8373 62.9059 17.9699C62.8833 17.9747 62.8628 17.9893 62.8413 17.9996L62.842 18Z\"\n                                    fill=\"#EECF07\" \/>\n                            <\/g>\n                            <g clip-path=\"url(#clip3_540_4970)\">\n                                <path\n                                    d=\"M86.842 18H86.6565C86.4491 17.9108 86.2295 17.8417 86.0366 17.7286C84.5759 16.8734 83.1192 16.0111 81.6652 15.1449C81.5411 15.0707 81.4556 15.074 81.3337 15.1463C79.9956 15.9428 78.6568 16.7379 77.3113 17.5222C77.001 17.7033 76.6653 17.8417 76.3412 17.9996H76.1558C76.1457 17.993 76.1364 17.9827 76.1253 17.9802C75.4247 17.805 75.1363 17.3467 75.2942 16.6596C75.6778 14.9903 76.0599 13.3209 76.4483 11.6526C76.4825 11.5057 76.4602 11.4154 76.3386 11.3111C75.0842 10.2351 73.8391 9.1489 72.5854 8.07185C72.3308 7.85298 72.0985 7.62714 72 7.29775V6.93126C72.158 6.41054 72.507 6.14174 73.0604 6.09547C74.7597 5.95299 76.4576 5.79472 78.1569 5.6493C78.3283 5.63461 78.4256 5.58577 78.4974 5.41722C79.1686 3.84441 79.8477 2.27455 80.5346 0.70836C80.6108 0.534665 80.7234 0.356196 80.8668 0.235381C81.4024 -0.215565 82.1662 0.00476698 82.4591 0.680084C83.1516 2.27712 83.8433 3.87453 84.5294 5.4745C84.5781 5.58797 84.6409 5.6313 84.7587 5.64085C85.3623 5.68969 85.9656 5.74257 86.5684 5.79692C87.7314 5.90158 88.8944 6.00734 90.057 6.11493C90.5023 6.15606 90.8108 6.38925 90.9457 6.80641C91.084 7.23275 90.9521 7.59923 90.6135 7.89301C89.3126 9.02074 88.0147 10.1518 86.706 11.2707C86.545 11.408 86.5209 11.5241 86.5662 11.7176C86.9568 13.3807 87.3367 15.0461 87.7181 16.7111C87.8593 17.3272 87.5285 17.8373 86.9059 17.9699C86.8833 17.9747 86.8628 17.9893 86.8413 17.9996L86.842 18Z\"\n                                    fill=\"#EECF07\" \/>\n                            <\/g>\n                            <g clip-path=\"url(#clip4_540_4970)\">\n                                <path\n                                    d=\"M110.842 18H110.657C110.449 17.9108 110.229 17.8417 110.037 17.7286C108.576 16.8734 107.119 16.0111 105.665 15.1449C105.541 15.0707 105.456 15.074 105.334 15.1463C103.996 15.9428 102.657 16.7379 101.311 17.5222C101.001 17.7033 100.665 17.8417 100.341 17.9996H100.156C100.146 17.993 100.136 17.9827 100.125 17.9802C99.4247 17.805 99.1363 17.3467 99.2942 16.6596C99.6778 14.9903 100.06 13.3209 100.448 11.6526C100.482 11.5057 100.46 11.4154 100.339 11.3111C99.0842 10.2351 97.8391 9.1489 96.5854 8.07185C96.3308 7.85298 96.0985 7.62714 96 7.29775V6.93126C96.158 6.41054 96.507 6.14174 97.0604 6.09547C98.7597 5.95299 100.458 5.79472 102.157 5.6493C102.328 5.63461 102.426 5.58577 102.497 5.41722C103.169 3.84441 103.848 2.27455 104.535 0.70836C104.611 0.534665 104.723 0.356196 104.867 0.235381C105.402 -0.215565 106.166 0.00476698 106.459 0.680084C107.152 2.27712 107.843 3.87453 108.529 5.4745C108.578 5.58797 108.641 5.6313 108.759 5.64085C109.362 5.68969 109.966 5.74257 110.568 5.79692C111.731 5.90158 112.894 6.00734 114.057 6.11493C114.502 6.15606 114.811 6.38925 114.946 6.80641C115.084 7.23275 114.952 7.59923 114.613 7.89301C113.313 9.02074 112.015 10.1518 110.706 11.2707C110.545 11.408 110.521 11.5241 110.566 11.7176C110.957 13.3807 111.337 15.0461 111.718 16.7111C111.859 17.3272 111.528 17.8373 110.906 17.9699C110.883 17.9747 110.863 17.9893 110.841 17.9996L110.842 18Z\"\n                                    fill=\"#EECF07\" \/>\n                            <\/g>\n                            <defs>\n                                <clipPath id=\"clip0_540_4970\">\n                                    <rect width=\"19\" height=\"18\" fill=\"white\" \/>\n                                <\/clipPath>\n                                <clipPath id=\"clip1_540_4970\">\n                                    <rect width=\"19\" height=\"18\" fill=\"white\" transform=\"translate(24)\" \/>\n                                <\/clipPath>\n                                <clipPath id=\"clip2_540_4970\">\n                                    <rect width=\"19\" height=\"18\" fill=\"white\" transform=\"translate(48)\" \/>\n                                <\/clipPath>\n                                <clipPath id=\"clip3_540_4970\">\n                                    <rect width=\"19\" height=\"18\" fill=\"white\" transform=\"translate(72)\" \/>\n                                <\/clipPath>\n                                <clipPath id=\"clip4_540_4970\">\n                                    <rect width=\"19\" height=\"18\" fill=\"white\" transform=\"translate(96)\" \/>\n                                <\/clipPath>\n                            <\/defs>\n                        <\/svg>\n\n                    <\/div>\n                    <div class=\"bottom\">\n                        <p>The bag looks great, very well sewn, thick material, filling perfect for sitting, delivered quickly with a nice gift for the new owner (crayons and coloring books), washing and drying instructions, another plus, I consider the purchase very successful and satisfied grandchildren<br \/>\nis probably the best recommendation<\/p>\n                    <\/div>\n                <\/li>\n                    <\/ul>\n    <\/div><div class=\"custome-separator  sep-50\"><\/div><div  class=\"section-img Lewa\"\n    style=\"background-color: #F8F4E8\">\n    <div class=\"row\">\n        <div class=\"col\">\n            <div class=\"img\" style=\"background-image: url(https:\/\/bini.co\/wp-content\/uploads\/2024\/11\/28.jpg)\"><\/div>\n        <\/div>\n        <div class=\"col\">\n            <div class=\"content\">\n                \n<h2 class=\"wp-block-heading\">Ready for whatever life brings<\/h2>\n\n<p>From a spontaneous family game, a quiet scroll on your phone, or the cat declaring it their new throne, the BiNi bean bag adapts to every chapter of your day. From the everyday dramas\u2014like a wild playdate or late-night laptop sessions as you tackle that \u201clast task\u201d\u2014it\u2019s ready for whatever comes your way.<br><br>Made for you, the kids, the pets, and even the chaos, it invites everyone to relax, recharge, and just be.<\/p>\n\n            <\/div>\n        <\/div>\n    <\/div>\n<\/div>","protected":false},"excerpt":{"rendered":"<p><span style=\"font-weight: 400;\">Puf wykonany z ultrami\u0119kkiej i niezwykle przyjemnej w dotyku tkaniny z certyfikatem OEKO TEX.\u00a0<\/span> <span style=\"font-weight: 400;\">To wielofunkcyjne siedzisko stworzone do siedzenia i le\u017cenia. S\u0142u\u017cy wprost do b\u0142ogiego relaksu, odpoczynku, zabawy i przytulania. Nasze pufy pokocha ka\u017cdy domownik. Poniewa\u017c ich uniwersalna wielko\u015b\u0107 i kszta\u0142t sprawiaj\u0105, \u017ce w pe\u0142ni relaksowa\u0107 mog\u0105 si\u0119 na nich dzieci i doro\u015bli.\u00a0<\/span> <span style=\"font-weight: 400;\">\u015awietnie nadaje si\u0119 tak\u017ce dla mam, jako fotel do karmienia. Szczeg\u00f3lnie polecamy w zestawie z naszymi okr\u0105g\u0142ymi modelami puf w rozmiarach \u201cS\u201d i \u201cM\u201d, kt\u00f3re w po\u0142\u0105czeniu z puf\u0105 w rozmiarze L pe\u0142ni\u0105 rol\u0119 podn\u00f3\u017cka. Jest to zestaw idealny!<\/span> <span style=\"font-weight: 400;\">Wewn\u0119trzny, dodatkowy worek pufy wype\u0142niony jest atestowanym granulatem polipropylenowym, kt\u00f3ry idealnie dopasowuje si\u0119 do cia\u0142a, zapewniaj\u0105c wygodn\u0105 i komfortow\u0105 pozycj\u0119.\u00a0<\/span> <span style=\"font-weight: 400;\">Ten model siedziska BiNi wykonany jest z tkaniny o strukturze baranka w kolorze ecru. Wyko\u0144czony bawe\u0142nian\u0105 wypustk\u0105 w kolorze mas\u0142a.<\/span> <span style=\"font-weight: 400;\">Dbanie o czysto\u015b\u0107 BiNiak\u00f3w jest banalnie proste.<\/span> <span style=\"font-weight: 400;\">Wszystkie nasze pufy mo\u017cna pra\u0107 w pralce \u2013 wystarczy wyj\u0105\u0107 wewn\u0119trzny worek, a pokrowiec wrzuci\u0107 do pralki (rekomendujemy temperatur\u0119 30 stopni) .<\/span> <span style=\"font-weight: 400;\">Wymiary pufa : 80 x 80 x 110 cm<\/span> <span style=\"font-weight: 400;\">Sk\u0142ad: 100% PES <\/span> <img loading=\"lazy\" decoding=\"async\" class=\"wp-image-9109 alignleft\" src=\"https:\/\/www.bini.co\/wp-content\/uploads\/2022\/12\/Untitled-design-2.png\" alt=\"\" width=\"386\" height=\"148\" \/> <br style=\"font-weight: 400;\" \/><br style=\"font-weight: 400;\" \/><\/p>\n","protected":false},"featured_media":1077,"template":"","meta":{"_acf_changed":true},"product_cat":[131],"product_tag":[],"collection":[125],"tkaniny":[],"rozmiar":[140],"bundler":[117],"class_list":{"0":"post-1761","1":"product","2":"type-product","3":"status-publish","4":"has-post-thumbnail","6":"product_cat-poufs","7":"collection-soft-en","8":"rozmiar-poufs-l","10":"first","11":"instock","12":"taxable","13":"shipping-taxable","14":"purchasable","15":"product-type-simple"},"acf":[],"_links":{"self":[{"href":"https:\/\/bini.co\/en\/wp-json\/wp\/v2\/product\/1761","targetHints":{"allow":["GET"]}}],"collection":[{"href":"https:\/\/bini.co\/en\/wp-json\/wp\/v2\/product"}],"about":[{"href":"https:\/\/bini.co\/en\/wp-json\/wp\/v2\/types\/product"}],"wp:featuredmedia":[{"embeddable":true,"href":"https:\/\/bini.co\/en\/wp-json\/wp\/v2\/media\/1077"}],"wp:attachment":[{"href":"https:\/\/bini.co\/en\/wp-json\/wp\/v2\/media?parent=1761"}],"wp:term":[{"taxonomy":"product_cat","embeddable":true,"href":"https:\/\/bini.co\/en\/wp-json\/wp\/v2\/product_cat?post=1761"},{"taxonomy":"product_tag","embeddable":true,"href":"https:\/\/bini.co\/en\/wp-json\/wp\/v2\/product_tag?post=1761"},{"taxonomy":"collection","embeddable":true,"href":"https:\/\/bini.co\/en\/wp-json\/wp\/v2\/collection?post=1761"},{"taxonomy":"tkaniny","embeddable":true,"href":"https:\/\/bini.co\/en\/wp-json\/wp\/v2\/tkaniny?post=1761"},{"taxonomy":"rozmiar","embeddable":true,"href":"https:\/\/bini.co\/en\/wp-json\/wp\/v2\/rozmiar?post=1761"},{"taxonomy":"bundler","embeddable":true,"href":"https:\/\/bini.co\/en\/wp-json\/wp\/v2\/bundler?post=1761"}],"curies":[{"name":"wp","href":"https:\/\/api.w.org\/{rel}","templated":true}]}}